{"id":630,"date":"2017-01-23T15:49:49","date_gmt":"2017-01-23T14:49:49","guid":{"rendered":"http:\/\/sionhegye.com\/wp\/?page_id=630"},"modified":"2017-01-23T15:50:18","modified_gmt":"2017-01-23T14:50:18","slug":"felhasznalonev","status":"publish","type":"page","link":"https:\/\/sionhegye.com\/wp\/felhasznalonev\/","title":{"rendered":"Felhaszn\u00e1l\u00f3 neve"},"content":{"rendered":"<div id=\"wpmem_login\"><a name=\"getusername\"><\/a><form action=\"https:\/\/sionhegye.com\/wp\/felhasznalonev\/\" method=\"POST\" id=\"\" class=\"form\"><fieldset><legend>Felhaszn\u00e1l\u00f3n\u00e9v vissza\u00e1ll\u00edt\u00e1s<\/legend><label for=\"user_email\">E-mail c\u00edm<\/label><div class=\"div_text\"><input name=\"user_email\" type=\"text\" id=\"user_email\" value=\"\" class=\"username\" \/><\/div><input name=\"redirect_to\" type=\"hidden\" value=\"https:\/\/sionhegye.com\/wp\/felhasznalonev\/\" \/><input name=\"a\" type=\"hidden\" value=\"getusername\" \/><input name=\"formsubmit\" type=\"hidden\" value=\"1\" \/><div class=\"button_div\"><input type=\"submit\" name=\"Submit\" value=\"Felhaszn\u00e1l\u00f3n\u00e9v vissza\u00e1ll\u00edt\u00e1s\" class=\"buttons\" \/><\/div><\/fieldset><\/form><\/div>\n","protected":false},"excerpt":{"rendered":"","protected":false},"author":1,"featured_media":0,"parent":0,"menu_order":0,"comment_status":"closed","ping_status":"closed","template":"","meta":[],"_links":{"self":[{"href":"https:\/\/sionhegye.com\/wp\/wp-json\/wp\/v2\/pages\/630"}],"collection":[{"href":"https:\/\/sionhegye.com\/wp\/wp-json\/wp\/v2\/pages"}],"about":[{"href":"https:\/\/sionhegye.com\/wp\/wp-json\/wp\/v2\/types\/page"}],"author":[{"embeddable":true,"href":"https:\/\/sionhegye.com\/wp\/wp-json\/wp\/v2\/users\/1"}],"replies":[{"embeddable":true,"href":"https:\/\/sionhegye.com\/wp\/wp-json\/wp\/v2\/comments?post=630"}],"version-history":[{"count":2,"href":"https:\/\/sionhegye.com\/wp\/wp-json\/wp\/v2\/pages\/630\/revisions"}],"predecessor-version":[{"id":632,"href":"https:\/\/sionhegye.com\/wp\/wp-json\/wp\/v2\/pages\/630\/revisions\/632"}],"wp:attachment":[{"href":"https:\/\/sionhegye.com\/wp\/wp-json\/wp\/v2\/media?parent=630"}],"curies":[{"name":"wp","href":"https:\/\/api.w.org\/{rel}","templated":true}]}}