{"id":5493,"date":"2021-12-15T12:21:00","date_gmt":"2021-12-15T11:21:00","guid":{"rendered":"http:\/\/sionhegye.com\/wp\/?page_id=5493"},"modified":"2026-02-20T16:05:41","modified_gmt":"2026-02-20T15:05:41","slug":"forditasok","status":"publish","type":"page","link":"https:\/\/sionhegye.com\/wp\/forditasok\/","title":{"rendered":"Folyamatban l\u00e9v\u0151 \u00e9s tervezett ford\u00edt\u00e1sok"},"content":{"rendered":"<p>T\u00f6rteli gy\u00fclekezet:<br \/>\nGordon Lindsay: A man sent from God<\/p>\n<p>Nyilas J\u00e1nos:<br \/>\n65-0426 Proving His Word<br \/>\n65-0425 God\u2019s Provided Place Of Worship<br \/>\n65-0220 Wedding Ceremony<br \/>\n65-0217 A Man Running From The Presence Of The Lord<br \/>\n65-0125 This Day This Scripture Is Fulfilled<br \/>\n65-0116 Wedding Ceremony<br \/>\n64-1227 Who Do You Say This Is?<br \/>\n58-0928m The Baptism Of The Holy Spirit<br \/>\n59-0628m A Deceived Church, By The World<br \/>\n59-0628e Questions and Answers<br \/>\n59-1223 Questions and Answers<br \/>\n60-0630 God\u2019s Provided Approach To Divine Fellowship<br \/>\n61-0112 Questions and Answers<br \/>\n61-1015m Questions and Answers<br \/>\n62-0527 Questions and Answers<br \/>\n63-0119 The Way Of A True Prophet  <\/p>\n<p>J\u00e1nosi Gy\u00f6rgy:<br \/>\n64-0209 &#8211; Countdown<br \/>\n64-0830e &#8211; Questions and Answers 4.<br \/>\n58-0202 &#8211; Escape Hither, Come Quickly<br \/>\n56-0513 &#8211; Teaching On Moses<br \/>\n56-0101 &#8211; Why Are People So Tossed About?<br \/>\n58-0406s &#8211; I Know My Redeemer Liveth<br \/>\n65-1125 &#8211; The Invisible Union Of The Bride Of Christ<br \/>\n62-0318 &#8211; The Spoken Word Is The Original Seed (du.)<br \/>\n60-1211m &#8211; The Ten Virgins And The 144000<\/p>\n","protected":false},"excerpt":{"rendered":"<p>T\u00f6rteli gy\u00fclekezet: Gordon Lindsay: A man sent from God Nyilas J\u00e1nos: 65-0426 Proving His Word 65-0425 God\u2019s Provided Place Of Worship 65-0220 Wedding Ceremony 65-0217 A Man Running From The&#8230; <a href=\"https:\/\/sionhegye.com\/wp\/forditasok\/\">Read more &raquo;<\/a><\/p>\n","protected":false},"author":1,"featured_media":0,"parent":0,"menu_order":0,"comment_status":"closed","ping_status":"closed","template":"","meta":[],"_links":{"self":[{"href":"https:\/\/sionhegye.com\/wp\/wp-json\/wp\/v2\/pages\/5493"}],"collection":[{"href":"https:\/\/sionhegye.com\/wp\/wp-json\/wp\/v2\/pages"}],"about":[{"href":"https:\/\/sionhegye.com\/wp\/wp-json\/wp\/v2\/types\/page"}],"author":[{"embeddable":true,"href":"https:\/\/sionhegye.com\/wp\/wp-json\/wp\/v2\/users\/1"}],"replies":[{"embeddable":true,"href":"https:\/\/sionhegye.com\/wp\/wp-json\/wp\/v2\/comments?post=5493"}],"version-history":[{"count":60,"href":"https:\/\/sionhegye.com\/wp\/wp-json\/wp\/v2\/pages\/5493\/revisions"}],"predecessor-version":[{"id":6393,"href":"https:\/\/sionhegye.com\/wp\/wp-json\/wp\/v2\/pages\/5493\/revisions\/6393"}],"wp:attachment":[{"href":"https:\/\/sionhegye.com\/wp\/wp-json\/wp\/v2\/media?parent=5493"}],"curies":[{"name":"wp","href":"https:\/\/api.w.org\/{rel}","templated":true}]}}