{"id":467,"date":"2017-01-02T08:45:22","date_gmt":"2017-01-02T07:45:22","guid":{"rendered":"http:\/\/sionhegye.com\/wp\/?page_id=467"},"modified":"2017-10-25T10:17:08","modified_gmt":"2017-10-25T08:17:08","slug":"2016-2-felev","status":"publish","type":"page","link":"https:\/\/sionhegye.com\/wp\/2016-2-felev\/","title":{"rendered":"X_2016. 2. f\u00e9l\u00e9v"},"content":{"rendered":"A tov\u00e1bbi tartalomhoz k\u00e9rlek keresd fel a gy\u00fclekezet p\u00e1sztor\u00e1t.","protected":false},"excerpt":{"rendered":"<p>A tov\u00e1bbi tartalomhoz k\u00e9rlek keresd fel a gy\u00fclekezet p\u00e1sztor\u00e1t.<\/p>\n","protected":false},"author":1,"featured_media":0,"parent":0,"menu_order":0,"comment_status":"closed","ping_status":"closed","template":"","meta":[],"_links":{"self":[{"href":"https:\/\/sionhegye.com\/wp\/wp-json\/wp\/v2\/pages\/467"}],"collection":[{"href":"https:\/\/sionhegye.com\/wp\/wp-json\/wp\/v2\/pages"}],"about":[{"href":"https:\/\/sionhegye.com\/wp\/wp-json\/wp\/v2\/types\/page"}],"author":[{"embeddable":true,"href":"https:\/\/sionhegye.com\/wp\/wp-json\/wp\/v2\/users\/1"}],"replies":[{"embeddable":true,"href":"https:\/\/sionhegye.com\/wp\/wp-json\/wp\/v2\/comments?post=467"}],"version-history":[{"count":6,"href":"https:\/\/sionhegye.com\/wp\/wp-json\/wp\/v2\/pages\/467\/revisions"}],"predecessor-version":[{"id":1370,"href":"https:\/\/sionhegye.com\/wp\/wp-json\/wp\/v2\/pages\/467\/revisions\/1370"}],"wp:attachment":[{"href":"https:\/\/sionhegye.com\/wp\/wp-json\/wp\/v2\/media?parent=467"}],"curies":[{"name":"wp","href":"https:\/\/api.w.org\/{rel}","templated":true}]}}