{"id":4099,"date":"2020-11-13T12:34:32","date_gmt":"2020-11-13T11:34:32","guid":{"rendered":"http:\/\/sionhegye.com\/wp\/?page_id=4099"},"modified":"2023-03-15T14:56:46","modified_gmt":"2023-03-15T13:56:46","slug":"termeszetfolotti","status":"publish","type":"page","link":"https:\/\/sionhegye.com\/wp\/termeszetfolotti\/","title":{"rendered":"TERM\u00c9SZETF\u00d6L\u00d6TTI"},"content":{"rendered":"<h1>William Marrion Branham \u00e9letrajza<\/h1>\n<h2>\u00cdr\u00f3: Owen Jorgensen<\/h2>\n<h2>1. K\u00f6tet: Egy fi\u00fa n\u00e9lk\u00fcl\u00f6z\u00e9sben<\/h2>\n<h3>Form\u00e1tum: <a href=\"..\/..\/pdf\/eletrajz\/WMB_Term\u00e9szetf\u00f6l\u00f6tti_1.k\u00f6tet_A4.pdf\" target=\"_blank\" rel=\"noopener\">A4<\/a><\/h3>\n<h2>2. K\u00f6tet: Egy fiatalember k\u00e9ts\u00e9gbees\u00e9sben<\/h2>\n<h3>Form\u00e1tum: A4<a href=\"..\/..\/pdf\/eletrajz\/WMB_Term\u00e9szetf\u00f6l\u00f6tti_2.k\u00f6tet_1-3_A4.pdf\" target=\"_blank\" rel=\"noopener\">\u00a01\/3<\/a> ,<a href=\"..\/..\/pdf\/eletrajz\/WMB_Term\u00e9szetf\u00f6l\u00f6tti_2.k\u00f6tet_2-3_A4.pdf\" target=\"_blank\" rel=\"noopener\">\u00a02\/3<\/a> ,<a href=\"..\/..\/pdf\/eletrajz\/WMB_Term\u00e9szetf\u00f6l\u00f6tti_2.k\u00f6tet_3-3_A4.pdf\" target=\"_blank\" rel=\"noopener\">\u00a03\/3<\/a><\/h3>\n<h2>3. K\u00f6tet: A f\u00e9rfi \u00e9s az \u0151 elh\u00edv\u00e1sa<\/h2>\n<h3>Form\u00e1tum: A4<a href=\"..\/..\/pdf\/eletrajz\/WMB_Term\u00e9szetf\u00f6l\u00f6tti_3.k\u00f6tet_1-3_A4.pdf\" target=\"_blank\" rel=\"noopener\">\u00a01\/3<\/a> ,<a href=\"..\/..\/pdf\/eletrajz\/WMB_Term\u00e9szetf\u00f6l\u00f6tti_3.k\u00f6tet_2-3_A4.pdf\" target=\"_blank\" rel=\"noopener\">\u00a02\/3<\/a> ,<a href=\"..\/..\/pdf\/eletrajz\/WMB_Term\u00e9szetf\u00f6l\u00f6tti_3.k\u00f6tet_3-3_A4.pdf\" target=\"_blank\" rel=\"noopener\">\u00a03\/3<\/a> <\/p>\n<h2>4. K\u00f6tet: Az elismert evang\u00e9lista<\/h2>\n<h3>Form\u00e1tum: A4<a href=\"..\/..\/pdf\/eletrajz\/WMB_Term\u00e9szetf\u00f6l\u00f6tti_4.k\u00f6tet_1-3_A4.pdf\" target=\"_blank\" rel=\"noopener\">\u00a01\/3<\/a><\/p>\n","protected":false},"excerpt":{"rendered":"<p>William Marrion Branham \u00e9letrajza \u00cdr\u00f3: Owen Jorgensen 1. K\u00f6tet: Egy fi\u00fa n\u00e9lk\u00fcl\u00f6z\u00e9sben Form\u00e1tum: A4 2. K\u00f6tet: Egy fiatalember k\u00e9ts\u00e9gbees\u00e9sben Form\u00e1tum: A4\u00a01\/3 ,\u00a02\/3 ,\u00a03\/3 3. K\u00f6tet: A f\u00e9rfi \u00e9s az \u0151&#8230; <a href=\"https:\/\/sionhegye.com\/wp\/termeszetfolotti\/\">Read more &raquo;<\/a><\/p>\n","protected":false},"author":1,"featured_media":0,"parent":0,"menu_order":0,"comment_status":"closed","ping_status":"closed","template":"","meta":[],"_links":{"self":[{"href":"https:\/\/sionhegye.com\/wp\/wp-json\/wp\/v2\/pages\/4099"}],"collection":[{"href":"https:\/\/sionhegye.com\/wp\/wp-json\/wp\/v2\/pages"}],"about":[{"href":"https:\/\/sionhegye.com\/wp\/wp-json\/wp\/v2\/types\/page"}],"author":[{"embeddable":true,"href":"https:\/\/sionhegye.com\/wp\/wp-json\/wp\/v2\/users\/1"}],"replies":[{"embeddable":true,"href":"https:\/\/sionhegye.com\/wp\/wp-json\/wp\/v2\/comments?post=4099"}],"version-history":[{"count":18,"href":"https:\/\/sionhegye.com\/wp\/wp-json\/wp\/v2\/pages\/4099\/revisions"}],"predecessor-version":[{"id":6157,"href":"https:\/\/sionhegye.com\/wp\/wp-json\/wp\/v2\/pages\/4099\/revisions\/6157"}],"wp:attachment":[{"href":"https:\/\/sionhegye.com\/wp\/wp-json\/wp\/v2\/media?parent=4099"}],"curies":[{"name":"wp","href":"https:\/\/api.w.org\/{rel}","templated":true}]}}