{"id":11,"date":"2016-04-04T13:01:22","date_gmt":"2016-04-04T13:01:22","guid":{"rendered":"http:\/\/teszt.sionhegye.com\/?page_id=11"},"modified":"2022-01-21T13:00:00","modified_gmt":"2022-01-21T12:00:00","slug":"dicsoitesek-2","status":"publish","type":"page","link":"https:\/\/sionhegye.com\/wp\/dicsoitesek-2\/","title":{"rendered":"Dics\u0151\u00edt\u00e9sek"},"content":{"rendered":"<p><a href=\"http:\/\/sionhegye.com\/wp\/dicsoitesek-a-honlaprol\/\">Dics\u0151\u00edt\u00e9sek a honlapr\u00f3l<\/a><\/p>\n<p><a href=\"http:\/\/sionhegye.com\/wp\/dicsoitesek-a-youtube-on\/\">Dics\u0151\u00edt\u00e9sek a Youtube-on<\/a><\/p>\n","protected":false},"excerpt":{"rendered":"<p>Dics\u0151\u00edt\u00e9sek a honlapr\u00f3l Dics\u0151\u00edt\u00e9sek a Youtube-on<\/p>\n","protected":false},"author":1,"featured_media":0,"parent":0,"menu_order":0,"comment_status":"closed","ping_status":"closed","template":"","meta":[],"_links":{"self":[{"href":"https:\/\/sionhegye.com\/wp\/wp-json\/wp\/v2\/pages\/11"}],"collection":[{"href":"https:\/\/sionhegye.com\/wp\/wp-json\/wp\/v2\/pages"}],"about":[{"href":"https:\/\/sionhegye.com\/wp\/wp-json\/wp\/v2\/types\/page"}],"author":[{"embeddable":true,"href":"https:\/\/sionhegye.com\/wp\/wp-json\/wp\/v2\/users\/1"}],"replies":[{"embeddable":true,"href":"https:\/\/sionhegye.com\/wp\/wp-json\/wp\/v2\/comments?post=11"}],"version-history":[{"count":23,"href":"https:\/\/sionhegye.com\/wp\/wp-json\/wp\/v2\/pages\/11\/revisions"}],"predecessor-version":[{"id":62,"href":"https:\/\/sionhegye.com\/wp\/wp-json\/wp\/v2\/pages\/11\/revisions\/62"}],"wp:attachment":[{"href":"https:\/\/sionhegye.com\/wp\/wp-json\/wp\/v2\/media?parent=11"}],"curies":[{"name":"wp","href":"https:\/\/api.w.org\/{rel}","templated":true}]}}